{"id":931,"date":"2022-01-07T19:15:12","date_gmt":"2022-01-07T18:15:12","guid":{"rendered":"http:\/\/pactivos.ddns.net\/farmax\/wordpress\/?page_id=931"},"modified":"2022-09-05T09:38:24","modified_gmt":"2022-09-05T07:38:24","slug":"equipo","status":"publish","type":"page","link":"https:\/\/nuvefarma.com\/wordpress\/equipo\/","title":{"rendered":"Equipo"},"content":{"rendered":"<p>[et_pb_section bb_built=\u00bb1&#8243; fullwidth=\u00bbon\u00bb _builder_version=\u00bb3.17.2&#8243; custom_margin=\u00bb-33px|||\u00bb next_background_color=\u00bb#000000&#8243;][et_pb_fullwidth_code _builder_version=\u00bb3.17.2&#8243;]&lt;div &gt;&lt;!&#8211; [et_pb_line_break_holder] &#8211;&gt;&lt;img id=&quot;img_1&quot; src=&quot;&quot; \/&gt;&lt;!&#8211; [et_pb_line_break_holder] &#8211;&gt;&lt;\/div&gt;&lt;!&#8211; [et_pb_line_break_holder] &#8211;&gt;&lt;!&#8211; [et_pb_line_break_holder] &#8211;&gt;&lt;script&gt;&lt;!&#8211; [et_pb_line_break_holder] &#8211;&gt;function NumerosAleatorios(min, max) {&lt;!&#8211; [et_pb_line_break_holder] &#8211;&gt; return Math.round(Math.random() * (max &#8211; min) + min);&lt;!&#8211; [et_pb_line_break_holder] &#8211;&gt;}&lt;!&#8211; [et_pb_line_break_holder] &#8211;&gt;&lt;!&#8211; [et_pb_line_break_holder] &#8211;&gt;jQuery(window).on(&quot;load&quot;,function() {&lt;!&#8211; [et_pb_line_break_holder] &#8211;&gt;n=&quot;..\/img\/new_&quot;+NumerosAleatorios(81,90)+&quot;.JPG&quot;;&lt;!&#8211; [et_pb_line_break_holder] &#8211;&gt;showSlide(n);&lt;!&#8211; [et_pb_line_break_holder] &#8211;&gt;&lt;!&#8211; [et_pb_line_break_holder] &#8211;&gt;});&lt;!&#8211; [et_pb_line_break_holder] &#8211;&gt;function showSlide(n) {&lt;!&#8211; [et_pb_line_break_holder] &#8211;&gt; jQuery(&quot;#img_1&quot;).attr(&quot;src&quot;,n);&lt;!&#8211; [et_pb_line_break_holder] &#8211;&gt; jQuery(&quot;#img_1&quot;).attr(&quot;style&quot;,&quot;min-width:100vw!important;&quot;);&lt;!&#8211; [et_pb_line_break_holder] &#8211;&gt;}&lt;!&#8211; [et_pb_line_break_holder] &#8211;&gt;&lt;\/script&gt;[\/et_pb_fullwidth_code][\/et_pb_section][et_pb_section bb_built=\u00bb1&#8243; _builder_version=\u00bb3.0.47&#8243; custom_padding=\u00bb27px|0px|0|0px|false|false\u00bb prev_background_color=\u00bb#000000&#8243;][et_pb_row _builder_version=\u00bb3.17.2&#8243; background_size=\u00bbinitial\u00bb background_position=\u00bbtop_left\u00bb background_repeat=\u00bbrepeat\u00bb module_alignment=\u00bbcenter\u00bb][et_pb_column type=\u00bb4_4&#8243;][et_pb_text _builder_version=\u00bb3.17.2&#8243; custom_margin=\u00bb35px|||\u00bb]<\/p>\n<h3 style=\"text-align: center;\"><strong>Acerca del<\/strong><span style=\"color: #33a5d6;\"><strong> E<\/strong><\/span><strong>quipo <\/strong><span style=\"color: #33a5d6;\"><strong>T<\/strong><\/span><strong>\u00e9cnico<\/strong><\/h3>\n<p>[\/et_pb_text][\/et_pb_column][\/et_pb_row][et_pb_row _builder_version=\u00bb3.17.2&#8243; make_equal=\u00bbon\u00bb][et_pb_column type=\u00bb1_3&#8243;][et_pb_text _builder_version=\u00bb3.17.2&#8243;]<\/p>\n<p><strong>Juan Mart\u00edn<\/strong><\/p>\n<p><strong>Director de proyectos <\/strong><\/p>\n<p>[\/et_pb_text][et_pb_accordion _builder_version=\u00bb3.17.2&#8243;][et_pb_accordion_item _builder_version=\u00bb3.17.2&#8243; link_option_url_new_window=\u00bboff\u00bb use_background_color_gradient=\u00bboff\u00bb background_color_gradient_start=\u00bb#2b87da\u00bb background_color_gradient_end=\u00bb#29c4a9&#8243; background_color_gradient_type=\u00bblinear\u00bb background_color_gradient_direction=\u00bb180deg\u00bb background_color_gradient_direction_radial=\u00bbcenter\u00bb background_color_gradient_start_position=\u00bb0%\u00bb background_color_gradient_end_position=\u00bb100%\u00bb background_color_gradient_overlays_image=\u00bboff\u00bb parallax=\u00bboff\u00bb parallax_method=\u00bbon\u00bb background_size=\u00bbcover\u00bb background_position=\u00bbcenter\u00bb background_repeat=\u00bbno-repeat\u00bb background_blend=\u00bbnormal\u00bb allow_player_pause=\u00bboff\u00bb background_video_pause_outside_viewport=\u00bbon\u00bb text_shadow_style=\u00bbnone\u00bb box_shadow_style=\u00bbnone\u00bb custom_css_main_element=\u00bbdisplay:none;\u00bb hover_transition_duration=\u00bb300ms\u00bb hover_transition_delay=\u00bb0ms\u00bb hover_transition_speed_curve=\u00bbease\u00bb \/][et_pb_accordion_item _builder_version=\u00bb3.17.2&#8243; link_option_url_new_window=\u00bboff\u00bb use_background_color_gradient=\u00bboff\u00bb background_color_gradient_start=\u00bb#2b87da\u00bb background_color_gradient_end=\u00bb#29c4a9&#8243; background_color_gradient_type=\u00bblinear\u00bb background_color_gradient_direction=\u00bb180deg\u00bb background_color_gradient_direction_radial=\u00bbcenter\u00bb background_color_gradient_start_position=\u00bb0%\u00bb background_color_gradient_end_position=\u00bb100%\u00bb background_color_gradient_overlays_image=\u00bboff\u00bb parallax=\u00bboff\u00bb parallax_method=\u00bbon\u00bb background_size=\u00bbcover\u00bb background_position=\u00bbcenter\u00bb background_repeat=\u00bbno-repeat\u00bb background_blend=\u00bbnormal\u00bb allow_player_pause=\u00bboff\u00bb background_video_pause_outside_viewport=\u00bbon\u00bb text_shadow_style=\u00bbnone\u00bb box_shadow_style=\u00bbnone\u00bb hover_transition_duration=\u00bb300ms\u00bb hover_transition_delay=\u00bb0ms\u00bb hover_transition_speed_curve=\u00bbease\u00bb title=\u00bbMas informaci\u00f3n\u00bb text_shadow_horizontal_length=\u00bb0em\u00bb text_shadow_vertical_length=\u00bb0em\u00bb text_shadow_blur_strength=\u00bb0em\u00bb]<\/p>\n<p><strong>Responsable Gestor y Coordinador de contenido<\/strong><\/p>\n<p>FORMACI\u00d3N Estudios universitarios: FARMACIA<\/p>\n<p>Otros estudios: Tercer ciclo universitario &#8211; Doctor en Farmacia (UCM)<\/p>\n<p>[\/et_pb_accordion_item][\/et_pb_accordion][\/et_pb_column][et_pb_column type=\u00bb1_3&#8243;][et_pb_text _builder_version=\u00bb3.17.2&#8243;]<\/p>\n<p><strong>Ram\u00f3n Mart\u00edn<\/strong><\/p>\n<p><strong>Analista programador<\/strong><\/p>\n<p>[\/et_pb_text][et_pb_accordion _builder_version=\u00bb3.17.2&#8243; body_text_align=\u00bbjustify\u00bb body_font_size=\u00bb12&#8243;][et_pb_accordion_item _builder_version=\u00bb3.17.2&#8243; link_option_url_new_window=\u00bboff\u00bb use_background_color_gradient=\u00bboff\u00bb background_color_gradient_start=\u00bb#2b87da\u00bb background_color_gradient_end=\u00bb#29c4a9&#8243; background_color_gradient_type=\u00bblinear\u00bb background_color_gradient_direction=\u00bb180deg\u00bb background_color_gradient_direction_radial=\u00bbcenter\u00bb background_color_gradient_start_position=\u00bb0%\u00bb background_color_gradient_end_position=\u00bb100%\u00bb background_color_gradient_overlays_image=\u00bboff\u00bb parallax=\u00bboff\u00bb parallax_method=\u00bbon\u00bb background_size=\u00bbcover\u00bb background_position=\u00bbcenter\u00bb background_repeat=\u00bbno-repeat\u00bb background_blend=\u00bbnormal\u00bb allow_player_pause=\u00bboff\u00bb background_video_pause_outside_viewport=\u00bbon\u00bb text_shadow_style=\u00bbnone\u00bb box_shadow_style=\u00bbnone\u00bb hover_transition_duration=\u00bb300ms\u00bb hover_transition_delay=\u00bb0ms\u00bb hover_transition_speed_curve=\u00bbease\u00bb text_shadow_horizontal_length=\u00bb0em\u00bb text_shadow_vertical_length=\u00bb0em\u00bb text_shadow_blur_strength=\u00bb0em\u00bb custom_css_main_element=\u00bbdisplay:none;\u00bb \/][et_pb_accordion_item _builder_version=\u00bb3.17.2&#8243; title=\u00bbMas informaci\u00f3n\u00bb link_option_url_new_window=\u00bboff\u00bb use_background_color_gradient=\u00bboff\u00bb background_color_gradient_start=\u00bb#2b87da\u00bb background_color_gradient_end=\u00bb#29c4a9&#8243; background_color_gradient_type=\u00bblinear\u00bb background_color_gradient_direction=\u00bb180deg\u00bb background_color_gradient_direction_radial=\u00bbcenter\u00bb background_color_gradient_start_position=\u00bb0%\u00bb background_color_gradient_end_position=\u00bb100%\u00bb background_color_gradient_overlays_image=\u00bboff\u00bb parallax=\u00bboff\u00bb parallax_method=\u00bbon\u00bb background_size=\u00bbcover\u00bb background_position=\u00bbcenter\u00bb background_repeat=\u00bbno-repeat\u00bb background_blend=\u00bbnormal\u00bb allow_player_pause=\u00bboff\u00bb background_video_pause_outside_viewport=\u00bbon\u00bb text_shadow_style=\u00bbnone\u00bb box_shadow_style=\u00bbnone\u00bb hover_transition_duration=\u00bb300ms\u00bb hover_transition_delay=\u00bb0ms\u00bb hover_transition_speed_curve=\u00bbease\u00bb text_shadow_horizontal_length=\u00bb0em\u00bb text_shadow_vertical_length=\u00bb0em\u00bb text_shadow_blur_strength=\u00bb0em\u00bb]<\/p>\n<p>FORMACI\u00d3N:<\/p>\n<p>Estudios universitarios: MEDICINA<\/p>\n<p><strong>Free lance.<\/strong><\/p>\n<p>Creaci\u00f3n de contenido, an\u00e1lisis y desarrollo de Software de formaci\u00f3n para los grupos de trabajo de Sociedad Espa\u00f1ola de Medicina de Familia y Comunitaria.<\/p>\n<p><strong>C\u00edcero 2000 Consultores en Comunicaci\u00f3n, S.L.\u00a0<\/strong><\/p>\n<p>Programaci\u00f3n a medida. Aplicaciones de gesti\u00f3n, multimedia y web. Edici\u00f3n profesional de video y modelado y animaci\u00f3n 3D. Creaci\u00f3n de contenido, an\u00e1lisis y desarrollo de Software de formaci\u00f3n para grupos de trabajo de la Sociedad Espa\u00f1ola de Medicina de Familia y Comunitaria.<\/p>\n<p><strong>Ediciones Doyma, S.A.\u00a0<\/strong><\/p>\n<p>Programaci\u00f3n a medida. Aplicaciones de gesti\u00f3n, multimedia y web. Edici\u00f3n profesional de video y modelado y animaci\u00f3n 3D. Creaci\u00f3n de contenido, an\u00e1lisis y desarrollo de Software de formaci\u00f3n para los grupos de trabajo de Sociedad Espa\u00f1ola de Medicina de Familia y Comunitaria<\/p>\n<p><strong>Net Twins, S.A.\u00a0<\/strong><\/p>\n<p>Programaci\u00f3n a medida. Aplicaciones de gesti\u00f3n, multimedia y web. Creaci\u00f3n de contenido, an\u00e1lisis y desarrollo de Software de formaci\u00f3n para los grupos de trabajo de Sociedad Espa\u00f1ola de Medicina de Familia y Comunitaria. \u00a0\u00a0<strong>Free lance.<\/strong>\u00a0Dise\u00f1o y desarrollo de campa\u00f1as publicitarias para la industria farmac\u00e9utica.<\/p>\n<p><strong>Trama de Comunicaci\u00f3n, S.L.\u00a0<\/strong><\/p>\n<p>Dise\u00f1o y desarrollo de campa\u00f1as publicitarias para la industria farmac\u00e9utica.<\/p>\n<p><strong>Editorial Garsi, S.L.\u00a0<\/strong><\/p>\n<p>Dise\u00f1o y desarrollo de campa\u00f1as publicitarias para la industria farmac\u00e9utica.<\/p>\n<p><strong>Relaci\u00f3n con empresas del sector Sanitario e Industria Farmac\u00e9utica<\/strong><\/p>\n<p>Ediciones Doyma, S. A., Cicero Consultores en Comunicaci\u00f3n, Net Twins, S.A, Trama de Comunicaci\u00f3n, S.L., Editorial Garsi, S.L., SEMFYC, SEMERGEN, SEPAR, MSD, GSK, Astra Z\u00e9neca, Aventis, Lilly, Alcon, Roche, Normon, Alter, Leo, Johnson &amp; Johnson.<\/p>\n<p><strong>Sociedades<\/strong><\/p>\n<p>Sociedad Espa\u00f1ola de Cardiolog\u00eda, Sociedad Espa\u00f1ola de Dermatolog\u00eda, Sociedad Espa\u00f1ola de Pediatr\u00eda, Sociedad Espa\u00f1ola de Alergolog\u00eda, Sociedad Espa\u00f1ola de Neumolog\u00eda y Cirug\u00eda Tor\u00e1cica (SEPAR), Sociedad Espa\u00f1ola de Ortopedia, Sociedad Espa\u00f1ola de Patolog\u00eda Digestiva.<\/p>\n<p>[\/et_pb_accordion_item][\/et_pb_accordion][\/et_pb_column][et_pb_column type=\u00bb1_3&#8243;][et_pb_text _builder_version=\u00bb3.17.2&#8243;]<\/p>\n<p><strong>Sara S\u00e1inz Siles<\/strong><\/p>\n<p><strong>Soporte de Contenidos <\/strong><\/p>\n<p>[\/et_pb_text][et_pb_accordion _builder_version=\u00bb3.17.2&#8243; body_text_align=\u00bbjustify\u00bb body_font_size=\u00bb12&#8243;][et_pb_accordion_item _builder_version=\u00bb3.17.2&#8243; link_option_url_new_window=\u00bboff\u00bb use_background_color_gradient=\u00bboff\u00bb background_color_gradient_start=\u00bb#2b87da\u00bb background_color_gradient_end=\u00bb#29c4a9&#8243; background_color_gradient_type=\u00bblinear\u00bb background_color_gradient_direction=\u00bb180deg\u00bb background_color_gradient_direction_radial=\u00bbcenter\u00bb background_color_gradient_start_position=\u00bb0%\u00bb background_color_gradient_end_position=\u00bb100%\u00bb background_color_gradient_overlays_image=\u00bboff\u00bb parallax=\u00bboff\u00bb parallax_method=\u00bbon\u00bb background_size=\u00bbcover\u00bb background_position=\u00bbcenter\u00bb background_repeat=\u00bbno-repeat\u00bb background_blend=\u00bbnormal\u00bb allow_player_pause=\u00bboff\u00bb background_video_pause_outside_viewport=\u00bbon\u00bb text_shadow_style=\u00bbnone\u00bb box_shadow_style=\u00bbnone\u00bb hover_transition_duration=\u00bb300ms\u00bb hover_transition_delay=\u00bb0ms\u00bb hover_transition_speed_curve=\u00bbease\u00bb text_shadow_horizontal_length=\u00bb0em\u00bb text_shadow_vertical_length=\u00bb0em\u00bb text_shadow_blur_strength=\u00bb0em\u00bb custom_css_main_element=\u00bbdisplay:none;\u00bb \/][et_pb_accordion_item _builder_version=\u00bb3.17.2&#8243; title=\u00bbMas informaci\u00f3n\u00bb link_option_url_new_window=\u00bboff\u00bb use_background_color_gradient=\u00bboff\u00bb background_color_gradient_start=\u00bb#2b87da\u00bb background_color_gradient_end=\u00bb#29c4a9&#8243; background_color_gradient_type=\u00bblinear\u00bb background_color_gradient_direction=\u00bb180deg\u00bb background_color_gradient_direction_radial=\u00bbcenter\u00bb background_color_gradient_start_position=\u00bb0%\u00bb background_color_gradient_end_position=\u00bb100%\u00bb background_color_gradient_overlays_image=\u00bboff\u00bb parallax=\u00bboff\u00bb parallax_method=\u00bbon\u00bb background_size=\u00bbcover\u00bb background_position=\u00bbcenter\u00bb background_repeat=\u00bbno-repeat\u00bb background_blend=\u00bbnormal\u00bb allow_player_pause=\u00bboff\u00bb background_video_pause_outside_viewport=\u00bbon\u00bb text_shadow_style=\u00bbnone\u00bb box_shadow_style=\u00bbnone\u00bb hover_transition_duration=\u00bb300ms\u00bb hover_transition_delay=\u00bb0ms\u00bb hover_transition_speed_curve=\u00bbease\u00bb text_shadow_horizontal_length=\u00bb0em\u00bb text_shadow_vertical_length=\u00bb0em\u00bb text_shadow_blur_strength=\u00bb0em\u00bb]<\/p>\n<p>Formaci\u00f3n: Dise\u00f1o gr\u00e1fico e interiores<\/p>\n<p>Traducci\u00f3n y correcci\u00f3n de estilo de textos m\u00e9dicos<\/p>\n<p><strong>Cicero 2000 Consultores en comunicaci\u00f3n S.L.<\/strong><\/p>\n<p>Empresa de comunicaci\u00f3n y nuevas tecnolog\u00edas- Realizaci\u00f3n de Ruedas de Prensa, formaci\u00f3n de portavoces, gesti\u00f3n y realizaci\u00f3n de proyectos multimedia para la industria farmac\u00e9utica, correcci\u00f3n de estilo (textos m\u00e9dicos). \u00a0 Proyectos realizados: Campa\u00f1a de informaci\u00f3n, prevenci\u00f3n del ICTUS para el laboratorio MSD, CD Multimedia y gu\u00eda sobre el manejo de la TDAH, f\u00e1rmaco CONCERTA para el laboratorio Jansen Cilag. Gu\u00eda y contenido multimedia sobre Cardiolog\u00eda para el laboratorio GSK\u00a0<strong>\u00a0<\/strong><\/p>\n<p><strong>Ediciones Doyma S.A\u00a0Gesti\u00f3n de proyectos multimedia, <\/strong><\/p>\n<p>Dise\u00f1o de aplicaciones inform\u00e1ticas, realizaci\u00f3n de contenidos multimedia para laboratorios farmac\u00e9uticos en colaboraci\u00f3n con sociedades m\u00e9dicas como SEMFyC, SEPAR, SEMERGEN entre otros \u00a0 Publicaciones realizadas: Programas B\u00e1sicos de Salud\u00a0(Pfizer) Control de proyectos, gesti\u00f3n editorial de los mismos, control de usuarios. Traducci\u00f3n de literatura m\u00e9dica Ingl\u00e9s\/Espa\u00f1ol. Correcci\u00f3n de estilo de textos de medicina<\/p>\n<p><strong>NET TWINS<\/strong><\/p>\n<p>Dise\u00f1o infogr\u00e1fico para Televisi\u00f3n Espa\u00f1ola (cabecera para La aventura del saber), gesti\u00f3n de proyectos multimedia.<\/p>\n<p><strong>Relaci\u00f3n con empresas del sector Sanitario e Industria Farmac\u00e9utica<\/strong><\/p>\n<p>Pfizer, Astra Zeneca, \u00a0Roche, Normon<strong>,<\/strong>\u00a0 SEMFyC, SEPAR, SEMERGEN, MSD,JANSEN CILAG, GSK<\/p>\n<p>[\/et_pb_accordion_item][\/et_pb_accordion][\/et_pb_column][\/et_pb_row][et_pb_row custom_padding=\u00bb0|0px|0|0px|false|false\u00bb _builder_version=\u00bb3.17.2&#8243; background_color=\u00bbrgba(255,255,255,0)\u00bb module_alignment=\u00bbcenter\u00bb custom_css_main_element=\u00bbmin-height:120px;\u00bb][et_pb_column type=\u00bb4_4&#8243;][et_pb_text _builder_version=\u00bb3.17.2&#8243; custom_css_main_element=\u00bbmargin-top:40px;\u00bb]<\/p>\n<h4 style=\"text-align: center;\">Empresas con las que el equipo ha colaborado<\/h4>\n<p>[\/et_pb_text][\/et_pb_column][\/et_pb_row][et_pb_row _builder_version=\u00bb3.17.2&#8243; custom_css_main_element=\u00bbheight:auto;||margin-bottom:60px;\u00bb module_alignment=\u00bbcenter\u00bb make_equal=\u00bbon\u00bb][et_pb_column type=\u00bb1_6&#8243;][et_pb_text _builder_version=\u00bb3.17.2&#8243; custom_css_main_element=\u00bbheight:50px;\u00bb]<\/p>\n<p><img loading=\"lazy\" class=\"aligncenter wp-image-994\" src=\"https:\/\/nuvefarma.com\/wordpress\/img\/separ.png\" alt=\"\" width=\"50\" height=\"22\"><\/p>\n<p>[\/et_pb_text][et_pb_text _builder_version=\u00bb3.17.2&#8243; custom_css_main_element=\u00bbheight:50px;\u00bb]<\/p>\n<p><img loading=\"lazy\" class=\"aligncenter wp-image-985\" src=\"https:\/\/nuvefarma.com\/wordpress\/img\/leo.png\" alt=\"\" width=\"50\" height=\"31\"><\/p>\n<p>[\/et_pb_text][et_pb_text _builder_version=\u00bb3.17.2&#8243; custom_css_main_element=\u00bbheight:50px;\u00bb]<\/p>\n<p><img loading=\"lazy\" class=\"aligncenter wp-image-979\" src=\"https:\/\/nuvefarma.com\/wordpress\/img\/astra.png\" alt=\"\" width=\"50\" height=\"14\"><\/p>\n<p>[\/et_pb_text][\/et_pb_column][et_pb_column type=\u00bb1_6&#8243;][et_pb_text _builder_version=\u00bb3.17.2&#8243; custom_css_main_element=\u00bbheight:50px;\u00bb]<\/p>\n<p><img loading=\"lazy\" class=\"aligncenter wp-image-993\" src=\"https:\/\/nuvefarma.com\/wordpress\/img\/SEMFYC.png\" alt=\"\" width=\"50\" height=\"18\"><\/p>\n<p>[\/et_pb_text][et_pb_text _builder_version=\u00bb3.17.2&#8243; custom_css_main_element=\u00bbheight:50px;\u00bb]<\/p>\n<p><img loading=\"lazy\" class=\"aligncenter wp-image-988\" src=\"https:\/\/nuvefarma.com\/wordpress\/img\/normon.jpg\" alt=\"\" width=\"50\" height=\"50\"><\/p>\n<p>[\/et_pb_text][et_pb_text _builder_version=\u00bb3.17.2&#8243; custom_css_main_element=\u00bbheight:50px;\u00bb]<\/p>\n<p><img loading=\"lazy\" class=\"aligncenter wp-image-984\" src=\"https:\/\/nuvefarma.com\/wordpress\/img\/Johnson-Johnson.png\" alt=\"\" width=\"50\" height=\"13\"><\/p>\n<p>[\/et_pb_text][\/et_pb_column][et_pb_column type=\u00bb1_6&#8243;][et_pb_text _builder_version=\u00bb3.17.2&#8243; custom_css_main_element=\u00bbheight:50px;\u00bb]<\/p>\n<p><img loading=\"lazy\" class=\"aligncenter wp-image-992\" src=\"https:\/\/nuvefarma.com\/wordpress\/img\/semergen.png\" alt=\"\" width=\"50\" height=\"43\"><\/p>\n<p>[\/et_pb_text][et_pb_text _builder_version=\u00bb3.17.2&#8243; custom_css_main_element=\u00bbheight:50px;\u00bb]<\/p>\n<p><img loading=\"lazy\" class=\"aligncenter wp-image-987\" src=\"https:\/\/nuvefarma.com\/wordpress\/img\/msd.png\" alt=\"\" width=\"50\" height=\"19\"><\/p>\n<p>[\/et_pb_text][et_pb_text _builder_version=\u00bb3.17.2&#8243; custom_css_main_element=\u00bbheight:50px;\u00bb]<\/p>\n<p><img loading=\"lazy\" class=\"aligncenter wp-image-983\" src=\"https:\/\/nuvefarma.com\/wordpress\/img\/janssen.png\" alt=\"\" width=\"50\" height=\"21\"><\/p>\n<p>[\/et_pb_text][\/et_pb_column][et_pb_column type=\u00bb1_6&#8243;][et_pb_text _builder_version=\u00bb3.17.2&#8243; custom_css_main_element=\u00bbheight:50px;\u00bb]<\/p>\n<p><img loading=\"lazy\" class=\"aligncenter wp-image-991\" src=\"https:\/\/nuvefarma.com\/wordpress\/img\/Roche.png\" alt=\"\" width=\"50\" height=\"28\"><\/p>\n<p>[\/et_pb_text][et_pb_text _builder_version=\u00bb3.17.2&#8243; custom_css_main_element=\u00bbheight:50px;\u00bb]<\/p>\n<p><img loading=\"lazy\" class=\"aligncenter wp-image-986\" src=\"https:\/\/nuvefarma.com\/wordpress\/img\/lilly.png\" alt=\"\" width=\"50\" height=\"28\"><\/p>\n<p>[\/et_pb_text][et_pb_text _builder_version=\u00bb3.17.2&#8243; custom_css_main_element=\u00bbheight:50px;\u00bb]<\/p>\n<p><img loading=\"lazy\" class=\"aligncenter wp-image-982\" src=\"https:\/\/nuvefarma.com\/wordpress\/img\/gsk.jpg\" alt=\"\" width=\"50\" height=\"28\"><\/p>\n<p>[\/et_pb_text][\/et_pb_column][et_pb_column type=\u00bb1_6&#8243;][et_pb_text _builder_version=\u00bb3.17.2&#8243; custom_css_main_element=\u00bbheight:50px;\u00bb]<\/p>\n<p><img loading=\"lazy\" class=\"aligncenter wp-image-990\" src=\"https:\/\/nuvefarma.com\/wordpress\/img\/Pfizer.png\" alt=\"\" width=\"50\" height=\"30\"><\/p>\n<p>[\/et_pb_text][et_pb_text _builder_version=\u00bb3.17.2&#8243; custom_css_main_element=\u00bbheight:50px;\u00bb]<\/p>\n<p><img loading=\"lazy\" class=\"aligncenter wp-image-980\" src=\"https:\/\/nuvefarma.com\/wordpress\/img\/aventis.png\" alt=\"\" width=\"50\" height=\"30\"><\/p>\n<p>[\/et_pb_text][\/et_pb_column][et_pb_column type=\u00bb1_6&#8243;][et_pb_text _builder_version=\u00bb3.17.2&#8243; custom_css_main_element=\u00bbheight:50px;\u00bb]<\/p>\n<p><img loading=\"lazy\" class=\"aligncenter wp-image-981\" src=\"https:\/\/nuvefarma.com\/wordpress\/img\/bristol.jpg\" alt=\"\" width=\"50\" height=\"22\"><\/p>\n<p>[\/et_pb_text][et_pb_text _builder_version=\u00bb3.17.2&#8243; custom_css_main_element=\u00bbheight:50px;\u00bb]<\/p>\n<p><img loading=\"lazy\" class=\"aligncenter wp-image-978\" src=\"https:\/\/nuvefarma.com\/wordpress\/img\/alter.jpg\" alt=\"\" width=\"50\" height=\"50\"><\/p>\n<p>[\/et_pb_text][\/et_pb_column][\/et_pb_row][\/et_pb_section]<\/p>\n","protected":false},"excerpt":{"rendered":"<p>[et_pb_section bb_built=\u00bb1&#8243; fullwidth=\u00bbon\u00bb _builder_version=\u00bb3.17.2&#8243; custom_margin=\u00bb-33px|||\u00bb next_background_color=\u00bb#000000&#8243;][et_pb_fullwidth_code _builder_version=\u00bb3.17.2&#8243;]&lt;div &gt;&lt;!&#8211; [et_pb_line_break_holder] &#8211;&gt;&lt;img id=&quot;img_1&quot; src=&quot;&quot; \/&gt;&lt;!&#8211; [et_pb_line_break_holder] &#8211;&gt;&lt;\/div&gt;&lt;!&#8211; [et_pb_line_break_holder] &#8211;&gt;&lt;!&#8211; [et_pb_line_break_holder] &#8211;&gt;&lt;script&gt;&lt;!&#8211; [et_pb_line_break_holder] &#8211;&gt;function NumerosAleatorios(min, max) {&lt;!&#8211; [et_pb_line_break_holder] &#8211;&gt; return Math.round(Math.random() * (max &#8211; min) + min);&lt;!&#8211; [et_pb_line_break_holder] &#8211;&gt;}&lt;!&#8211; [et_pb_line_break_holder] &#8211;&gt;&lt;!&#8211; [et_pb_line_break_holder] &#8211;&gt;jQuery(window).on(&quot;load&quot;,function() {&lt;!&#8211; [et_pb_line_break_holder] &#8211;&gt;n=&quot;..\/img\/new_&quot;+NumerosAleatorios(81,90)+&quot;.JPG&quot;;&lt;!&#8211; [et_pb_line_break_holder] &#8211;&gt;showSlide(n);&lt;!&#8211; [et_pb_line_break_holder] &#8211;&gt;&lt;!&#8211; [et_pb_line_break_holder] &#8211;&gt;});&lt;!&#8211; [et_pb_line_break_holder] &#8211;&gt;function showSlide(n) {&lt;!&#8211; [et_pb_line_break_holder] &#8211;&gt; [&hellip;]<\/p>\n","protected":false},"author":1,"featured_media":0,"parent":0,"menu_order":0,"comment_status":"closed","ping_status":"closed","template":"","meta":[],"_links":{"self":[{"href":"https:\/\/nuvefarma.com\/wordpress\/wp-json\/wp\/v2\/pages\/931"}],"collection":[{"href":"https:\/\/nuvefarma.com\/wordpress\/wp-json\/wp\/v2\/pages"}],"about":[{"href":"https:\/\/nuvefarma.com\/wordpress\/wp-json\/wp\/v2\/types\/page"}],"author":[{"embeddable":true,"href":"https:\/\/nuvefarma.com\/wordpress\/wp-json\/wp\/v2\/users\/1"}],"replies":[{"embeddable":true,"href":"https:\/\/nuvefarma.com\/wordpress\/wp-json\/wp\/v2\/comments?post=931"}],"version-history":[{"count":0,"href":"https:\/\/nuvefarma.com\/wordpress\/wp-json\/wp\/v2\/pages\/931\/revisions"}],"wp:attachment":[{"href":"https:\/\/nuvefarma.com\/wordpress\/wp-json\/wp\/v2\/media?parent=931"}],"curies":[{"name":"wp","href":"https:\/\/api.w.org\/{rel}","templated":true}]}}